{"id":701,"date":"2011-05-20T18:49:43","date_gmt":"2011-05-21T01:49:43","guid":{"rendered":"https:\/\/wpthemetestdata.wordpress.com\/?page_id=701"},"modified":"2025-09-09T13:14:13","modified_gmt":"2025-09-09T11:14:13","slug":"front-page","status":"publish","type":"page","link":"https:\/\/mku.dev.konkursi.me\/cyr\/","title":{"rendered":"\u041a\u043e\u043d\u043a\u0443\u0440\u0441\u0438 \u041c\u0438\u043d\u0438\u0441\u0442\u0430\u0440\u0441\u0442\u0432\u0430 \u043a\u0443\u043b\u0442\u0443\u0440\u0435 \u0438 \u043c\u0435\u0434\u0438\u0458\u0430"},"content":{"rendered":"\n<div class=\"wp-block-cover relative w-full mt-0 md:h-[600px]\" style=\"padding-top:0;padding-right:0;padding-bottom:0;padding-left:0;min-height:600px;aspect-ratio:unset;\"><img loading=\"lazy\" decoding=\"async\" width=\"1024\" height=\"284\" class=\"wp-block-cover__image-background wp-image-5953 size-large\" alt=\"\" src=\"https:\/\/mku.dev.konkursi.me\/wp-content\/uploads\/2025\/09\/ministarstvo-kulture-i-medija-hero-section-home-picture-1024x284.jpg\" data-object-fit=\"cover\" srcset=\"https:\/\/mku.dev.konkursi.me\/wp-content\/uploads\/2025\/09\/ministarstvo-kulture-i-medija-hero-section-home-picture-1024x284.jpg 1024w, https:\/\/mku.dev.konkursi.me\/wp-content\/uploads\/2025\/09\/ministarstvo-kulture-i-medija-hero-section-home-picture-300x83.jpg 300w, https:\/\/mku.dev.konkursi.me\/wp-content\/uploads\/2025\/09\/ministarstvo-kulture-i-medija-hero-section-home-picture-150x42.jpg 150w, https:\/\/mku.dev.konkursi.me\/wp-content\/uploads\/2025\/09\/ministarstvo-kulture-i-medija-hero-section-home-picture-768x213.jpg 768w, https:\/\/mku.dev.konkursi.me\/wp-content\/uploads\/2025\/09\/ministarstvo-kulture-i-medija-hero-section-home-picture-1536x426.jpg 1536w, https:\/\/mku.dev.konkursi.me\/wp-content\/uploads\/2025\/09\/ministarstvo-kulture-i-medija-hero-section-home-picture-18x5.jpg 18w, https:\/\/mku.dev.konkursi.me\/wp-content\/uploads\/2025\/09\/ministarstvo-kulture-i-medija-hero-section-home-picture.jpg 1920w\" sizes=\"auto, (max-width: 1024px) 100vw, 1024px\" \/><span aria-hidden=\"true\" class=\"wp-block-cover__background has-background-dim-0 has-background-dim\" style=\"background-color:#363e4b\"><\/span><div class=\"wp-block-cover__inner-container is-layout-flow wp-block-cover-is-layout-flow\">\n<div class=\"wp-block-group relative z-50 w-full bg-contrast-6 md:absolute md:inset-0 md:bg-transparent is-layout-flow wp-block-group-is-layout-flow\">\n<div class=\"wp-block-group container box-border flex items-center mx-auto h-full is-layout-flow wp-block-group-is-layout-flow\">\n<div class=\"wp-block-group w-full lg:w-13\/24 sm:w-9\/12 ml-0 md:ml-1\/24 xl:ml-0 md:bg-contrast-6 md:min-h-[250px] is-layout-flow wp-block-group-is-layout-flow\">\n<div class=\"wp-block-group flex gap-4 pt-[40px] pb-[40px] pr-[40px] pl-[17px] md:py-20 md:pl-16 md:pr-20 is-layout-flow wp-block-group-is-layout-flow\">\n<span class=\"wp-block-simple-icon-block-simple-icon-block fal fa-arrow-right  pt-3 md:pt-[10px] md:text-2xl\"><\/span>\n\n\n\n<h1 class=\"wp-block-heading no-block-gap font-medium my-0 leading-tight text-base-1 max-w-[400px]\">Konkursi Ministarstva kulture i medija<\/h1>\n<\/div>\n<\/div>\n<\/div>\n<\/div>\n<\/div><\/div>\n\n\n\n<div class=\"wp-block-group has-global-padding is-layout-constrained wp-block-group-is-layout-constrained\"><div class=\"grid gap-4 md:grid-cols-2 lg:grid-cols-3 auto-rows-fr \">\n\n            <div class=\"flex flex-col gap-2.5 border-base-4 bg-contrast-8 justify-start items-start px-12 py-9\">\n            <h4 class=\"my-0 min-h-14\">\n                <a href=\"https:\/\/mku.dev.konkursi.me\/cyr\/konkursi\/direktorat-za-medije\/direktorat-za-kulturno-umjetnicko-stvaralastvo\/\">Direktorat za kulturno-umjetni\u010dko stvarala\u0161tvo<\/a>\n            <\/h4>\n\n            <p class=\"my-0 line-clamp-2 text-body-lg\">\n                Podr\u017eava inicijative i projekte iz oblasti umjetni\u010dkog stvarala\u0161tva i kulturnih doga\u0111aja.            <\/p>\n\n        <\/div>\n            <div class=\"flex flex-col gap-2.5 border-base-4 bg-contrast-8 justify-start items-start px-12 py-9\">\n            <h4 class=\"my-0 min-h-14\">\n                <a href=\"https:\/\/mku.dev.konkursi.me\/cyr\/konkursi\/direktorat-za-kulturnu-bastinu\/\">Direktorat za kulturnu ba\u0161tinu<\/a>\n            <\/h4>\n\n            <p class=\"my-0 line-clamp-2 text-body-lg\">\n                Brine o o\u010duvanju, za\u0161titi i promociji kulturne ba\u0161tine Crne Gore.            <\/p>\n\n        <\/div>\n            <div class=\"flex flex-col gap-2.5 border-base-4 bg-contrast-8 justify-start items-start px-12 py-9\">\n            <h4 class=\"my-0 min-h-14\">\n                <a href=\"https:\/\/mku.dev.konkursi.me\/cyr\/konkursi\/direktorat-za-medije\/\">Direktorat za medije<\/a>\n            <\/h4>\n\n            <p class=\"my-0 line-clamp-2 text-body-lg\">\n                Pru\u017ea podr\u0161ku medijskim projektima i unapre\u0111uje slobodu i profesionalnost medija.            <\/p>\n\n        <\/div>\n            <div class=\"flex flex-col gap-2.5 border-base-4 bg-contrast-8 justify-start items-start px-12 py-9\">\n            <h4 class=\"my-0 min-h-14\">\n                <a href=\"https:\/\/mku.dev.konkursi.me\/cyr\/konkursi\/direktorat-za-razvoj-kreativnih-industrija\/\">Direktorat za razvoj kreativnih industrija<\/a>\n            <\/h4>\n\n            <p class=\"my-0 line-clamp-2 text-body-lg\">\n                Podsti\u010de razvoj kreativnih industrija, nevladinih organizacija i javnih rasprava.            <\/p>\n\n        <\/div>\n            <div class=\"flex flex-col gap-2.5 border-base-4 bg-contrast-8 justify-start items-start px-12 py-9\">\n            <h4 class=\"my-0 min-h-14\">\n                <a href=\"https:\/\/mku.dev.konkursi.me\/cyr\/konkursi\/direktorat-za-kulturnu-bastinu\/jacanje-veza-grantovi-za-ocuvanje-kulturnog-identiteta-montenegro\/\">Ja\u010danje veza: Grantovi za o\u010duvanje kulturnog identiteta dijaspore u 2026. god.<\/a>\n            <\/h4>\n\n            <p class=\"my-0 line-clamp-2 text-body-lg\">\n                Ovaj javni poziv namijenjen je udru\u017eenjima dijaspore i iseljenika radi sufinansiranja projekata u oblastima kulture, obrazovanja i promocije tradicije. Cilj konkursa je podr\u0161ka inicijativama koje doprinose o\u010duvanju maternjeg jezika i ja\u010danju institucionalne saradnje sa mati\u010dnom dr\u017eavom            <\/p>\n\n        <\/div>\n            <div class=\"flex flex-col gap-2.5 border-base-4 bg-contrast-8 justify-start items-start px-12 py-9\">\n            <h4 class=\"my-0 min-h-14\">\n                <a href=\"https:\/\/mku.dev.konkursi.me\/cyr\/konkursi\/medunarodna-saradnja\/\">Me\u0111unarodna saradnja<\/a>\n            <\/h4>\n\n            <p class=\"my-0 line-clamp-2 text-body-lg\">\n                Unapre\u0111uje me\u0111unarodne odnose i partnerstva u oblasti kulture i kreativnih industrija.            <\/p>\n\n        <\/div>\n            <div class=\"flex flex-col gap-2.5 border-base-4 bg-contrast-8 justify-start items-start px-12 py-9\">\n            <h4 class=\"my-0 min-h-14\">\n                <a href=\"https:\/\/mku.dev.konkursi.me\/cyr\/konkursi\/saradnja-sa-nvo\/\">Saradnja sa NVO<\/a>\n            <\/h4>\n\n            <p class=\"my-0 line-clamp-2 text-body-lg\">\n                Uklju\u010duje javnost i nevladine organizacije u procese dono\u0161enja odluka.            <\/p>\n\n        <\/div>\n    \n<\/div>\n\n\n<div class=\"wp-block-group is-layout-flow wp-block-group-is-layout-flow\">\n<figure class=\"wp-block-image size-full\"><a href=\"https:\/\/mku.dev.konkursi.me\/cyr\/podrska\/\"><img loading=\"lazy\" decoding=\"async\" width=\"2272\" height=\"515\" src=\"https:\/\/mku.dev.konkursi.me\/wp-content\/uploads\/2024\/12\/uputstvo-baner.jpg\" alt=\"\" class=\"wp-image-5896\" srcset=\"https:\/\/mku.dev.konkursi.me\/wp-content\/uploads\/2024\/12\/uputstvo-baner.jpg 2272w, https:\/\/mku.dev.konkursi.me\/wp-content\/uploads\/2024\/12\/uputstvo-baner-300x68.jpg 300w, https:\/\/mku.dev.konkursi.me\/wp-content\/uploads\/2024\/12\/uputstvo-baner-1024x232.jpg 1024w, https:\/\/mku.dev.konkursi.me\/wp-content\/uploads\/2024\/12\/uputstvo-baner-150x34.jpg 150w, https:\/\/mku.dev.konkursi.me\/wp-content\/uploads\/2024\/12\/uputstvo-baner-768x174.jpg 768w, https:\/\/mku.dev.konkursi.me\/wp-content\/uploads\/2024\/12\/uputstvo-baner-1536x348.jpg 1536w, https:\/\/mku.dev.konkursi.me\/wp-content\/uploads\/2024\/12\/uputstvo-baner-2048x464.jpg 2048w, https:\/\/mku.dev.konkursi.me\/wp-content\/uploads\/2024\/12\/uputstvo-baner-18x4.jpg 18w\" sizes=\"auto, (max-width: 2272px) 100vw, 2272px\" \/><\/a><\/figure>\n<\/div>\n<\/div>\n\n\n\n<div class=\"wp-block-group relative mx-auto max-w-max border-t border-r-0 border-b border-l-0 border-solid border-base-3 bg-base-2 is-layout-flow wp-block-group-is-layout-flow\">\n<div class=\"wp-block-group hidden w-full sm:flex sm:absolute sm:inset-0 !items-stretch is-nowrap is-layout-flex wp-container-core-group-is-layout-930feb06 wp-block-group-is-layout-flex\">\n<div class=\"wp-block-group w-full bg-contrast-6 sm:w-half has-global-padding is-layout-constrained wp-block-group-is-layout-constrained\">\n<div style=\"margin-top:0;margin-bottom:0;height:0\" aria-hidden=\"true\" class=\"wp-block-spacer\"><\/div>\n<\/div>\n\n\n\n<div class=\"wp-block-group w-full sm:w-half has-global-padding is-layout-constrained wp-block-group-is-layout-constrained\">\n<div style=\"margin-top:0;margin-bottom:0;height:0\" aria-hidden=\"true\" class=\"wp-block-spacer\"><\/div>\n<\/div>\n<\/div>\n\n\n\n<div class=\"wp-block-group relative z-20 md:container mx-auto no-block-gap is-layout-flow wp-block-group-is-layout-flow\">\n<div class=\"wp-block-group grid md:grid-cols-2 no-block-gap is-layout-flow wp-block-group-is-layout-flow\">\n<div class=\"wp-block-group mt-0 bg-contrast-6 px-4 py-8 text-white md:py-12 md:pr-12 is-layout-flow wp-block-group-is-layout-flow\">\n<h2 class=\"wp-block-heading my-0 text-3-xl font-medium text-white md:text-5-xl\">Ministarstvo kulture i medija<\/h2>\n\n\n\n<p class=\"text-lg italic has-text-body-xl-font-size wp-block-paragraph\">Ministarstvo kulture i medija vr\u0161i poslove uprave koji se odnose na: razvoj kulturnog i umjetni\u010dkog stvarala\u0161tva; za\u0161titu, o\u010duvanje, valorizaciju i prezentaciju kulturne ba\u0161tine; razvoj kreativnih industrija; ostvarivanje javnog interesa u kulturi; pripremu predloga zakona, drugih propisa i op\u0161tih akata iz oblasti kulture, davanje mi\u0161ljenja na predloge zakona i drugih propisa kojima se ure\u0111uju pitanja u vezi sa kulturom\u2026<\/p>\n<\/div>\n\n\n\n<div class=\"wp-block-group no-block-gap bg-base-2 px-4 py-8 md:py-12 md:pl-12 is-layout-flow wp-block-group-is-layout-flow\">\n<h2 class=\"wp-block-heading mb-4 mt-0 text-3-xl md:mb-8\">Follow us<\/h2>\n\n\n\n<div class=\"wp-block-buttons is-vertical is-layout-flex wp-container-core-buttons-is-layout-7b7f8733 wp-block-buttons-is-layout-flex\">\n<div class=\"wp-block-button is-style-link not-underline btn-icon-social  text-16 fab fa-facebook-square is-style-link--1\"><a class=\"wp-block-button__link wp-element-button\" href=\"https:\/\/www.facebook.com\/resorkulture\" target=\"_blank\" rel=\"noreferrer noopener nofollow\">Facebook<\/a><\/div>\n\n\n\n<div class=\"wp-block-button is-style-link not-underline btn-icon-social  text-16 fab fa-square-twitter is-style-link--2\"><a class=\"wp-block-button__link wp-element-button\" href=\"https:\/\/twitter.com\/resorkulture?t=uocdxASmteJMHSJBbPUCbg&#038;s=09\" target=\"_blank\" rel=\"noreferrer noopener nofollow\">X<\/a><\/div>\n\n\n\n<div class=\"wp-block-button is-style-link not-underline btn-icon-social  text-16 fab fa-instagram-square is-style-link--3\"><a class=\"wp-block-button__link wp-element-button\" href=\"https:\/\/instagram.com\/ministarstvo_kulture_i_medija?igshid=YmMyMTA2M2Y=\" target=\"_blank\" rel=\"noreferrer noopener\">Instagram<\/a><\/div>\n<\/div>\n<\/div>\n<\/div>\n<\/div>\n<\/div>\n","protected":false},"excerpt":{"rendered":"<p>Ministarstvo kulture i medija Ministarstvo kulture i medija vr\u0161i poslove uprave koji se odnose na: razvoj kulturnog i umjetni\u010dkog stvarala\u0161tva; za\u0161titu, o\u010duvanje, valorizaciju i prezentaciju kulturne ba\u0161tine; razvoj kreativnih industrija; ostvarivanje javnog interesa u kulturi; pripremu predloga zakona, drugih propisa i op\u0161tih akata iz oblasti kulture, davanje mi\u0161ljenja na predloge zakona i drugih propisa kojima [&hellip;]<\/p>\n","protected":false},"author":1,"featured_media":3449,"parent":0,"menu_order":0,"comment_status":"open","ping_status":"closed","template":"page-notitle","meta":{"_acf_changed":false,"_crdt_document":"","footnotes":""},"class_list":["post-701","page","type-page","status-publish","has-post-thumbnail","hentry"],"acf":[],"_links":{"self":[{"href":"https:\/\/mku.dev.konkursi.me\/cyr\/wp-json\/wp\/v2\/pages\/701","targetHints":{"allow":["GET"]}}],"collection":[{"href":"https:\/\/mku.dev.konkursi.me\/cyr\/wp-json\/wp\/v2\/pages"}],"about":[{"href":"https:\/\/mku.dev.konkursi.me\/cyr\/wp-json\/wp\/v2\/types\/page"}],"author":[{"embeddable":true,"href":"https:\/\/mku.dev.konkursi.me\/cyr\/wp-json\/wp\/v2\/users\/1"}],"replies":[{"embeddable":true,"href":"https:\/\/mku.dev.konkursi.me\/cyr\/wp-json\/wp\/v2\/comments?post=701"}],"version-history":[{"count":27,"href":"https:\/\/mku.dev.konkursi.me\/cyr\/wp-json\/wp\/v2\/pages\/701\/revisions"}],"predecessor-version":[{"id":5955,"href":"https:\/\/mku.dev.konkursi.me\/cyr\/wp-json\/wp\/v2\/pages\/701\/revisions\/5955"}],"wp:featuredmedia":[{"embeddable":true,"href":"https:\/\/mku.dev.konkursi.me\/cyr\/wp-json\/wp\/v2\/media\/3449"}],"wp:attachment":[{"href":"https:\/\/mku.dev.konkursi.me\/cyr\/wp-json\/wp\/v2\/media?parent=701"}],"curies":[{"name":"wp","href":"https:\/\/api.w.org\/{rel}","templated":true}]}}