{"id":5381,"date":"2024-12-18T13:58:09","date_gmt":"2024-12-18T12:58:09","guid":{"rendered":"https:\/\/mku.dev.konkursi.me\/?page_id=5381"},"modified":"2024-12-18T14:07:07","modified_gmt":"2024-12-18T13:07:07","slug":"podrska","status":"publish","type":"page","link":"https:\/\/mku.dev.konkursi.me\/me\/podrska\/","title":{"rendered":"Uputstvo za korisnike"},"content":{"rendered":"<p class=\"wp-block-paragraph\">Dokument pod nazivom &#8220;Uputstvo za korisnike &#8211; Portal Ministarstva kulture i medija&#8221; pru\u017ea detaljna uputstva za kori\u0161\u0107enje portala Ministarstva kulture i medija, uklju\u010duju\u0107i registraciju, prijavu, navigaciju kroz javni i personalizovani dio portala, te proces podno\u0161enja prijava na javne konkurse. Sadr\u017ei vodi\u010de za dodavanje dokumenata i pregled prijava, kao i savjete za rje\u0161avanje \u010destih problema. Preuzmite dokument kako biste dobili sve potrebne informacije za efikasno kori\u0161\u0107enje portala. <\/p>\n\n\n\n<div class=\"wp-block-group has-global-padding is-layout-constrained wp-block-group-is-layout-constrained\">\n<div class=\"wp-block-group is-horizontal is-content-justification-left is-nowrap is-layout-flex wp-container-core-group-is-layout-0e834796 wp-block-group-is-layout-flex\">\n<div class=\"wp-block-group is-vertical is-layout-flex wp-container-core-group-is-layout-b0fe5dce wp-block-group-is-layout-flex\">\n<figure class=\"wp-block-image size-thumbnail is-resized has-custom-border\"><img loading=\"lazy\" decoding=\"async\" width=\"114\" height=\"150\" src=\"https:\/\/mku.dev.konkursi.me\/wp-content\/uploads\/2024\/12\/mku-korisnicko-upustvo-dokument-114x150.jpg\" alt=\"\" class=\"has-border-color has-base-2-border-color wp-image-5382\" style=\"border-width:1px;width:133px;height:auto\" srcset=\"https:\/\/mku.dev.konkursi.me\/wp-content\/uploads\/2024\/12\/mku-korisnicko-upustvo-dokument-114x150.jpg 114w, https:\/\/mku.dev.konkursi.me\/wp-content\/uploads\/2024\/12\/mku-korisnicko-upustvo-dokument-228x300.jpg 228w, https:\/\/mku.dev.konkursi.me\/wp-content\/uploads\/2024\/12\/mku-korisnicko-upustvo-dokument-780x1024.jpg 780w, https:\/\/mku.dev.konkursi.me\/wp-content\/uploads\/2024\/12\/mku-korisnicko-upustvo-dokument-768x1009.jpg 768w, https:\/\/mku.dev.konkursi.me\/wp-content\/uploads\/2024\/12\/mku-korisnicko-upustvo-dokument-9x12.jpg 9w, https:\/\/mku.dev.konkursi.me\/wp-content\/uploads\/2024\/12\/mku-korisnicko-upustvo-dokument.jpg 1043w\" sizes=\"auto, (max-width: 114px) 100vw, 114px\" \/><\/figure>\n<\/div>\n\n\n\n<div class=\"wp-block-group wp-container-content-9cfa9a5a is-vertical is-layout-flex wp-container-core-group-is-layout-b0fe5dce wp-block-group-is-layout-flex\">\n<h6 class=\"wp-block-heading not-underline\"><a href=\"https:\/\/mku.dev.konkursi.me\/wp-content\/uploads\/2024\/12\/Uputstvo-za-korisnike-Portal-Ministarstva-kulture-i-medija.pdf\" target=\"_blank\" rel=\"noreferrer noopener\">Korisni\u010dko upustvo<\/a><\/h6>\n\n\n\n<div class=\"wp-block-group is-vertical is-layout-flex wp-container-core-group-is-layout-6017beb2 wp-block-group-is-layout-flex\">\n<div class=\"wp-block-group is-nowrap is-layout-flex wp-container-core-group-is-layout-930feb06 wp-block-group-is-layout-flex\">\n<p class=\"has-contrast-color has-text-color has-link-color has-text-body-md-font-size wp-elements-8be518ece53881a23e18c0aca4d66ba4 wp-block-paragraph\">Verzija 1.0<\/p>\n\n\n\n<p class=\"has-text-body-md-font-size wp-block-paragraph\"><em>Objavljeno: 16. decembar 2024<\/em><\/p>\n<\/div>\n\n\n\n<div class=\"wp-block-group is-nowrap is-layout-flex wp-container-core-group-is-layout-930feb06 wp-block-group-is-layout-flex\">\n<div class=\"wp-block-buttons is-layout-flex wp-block-buttons-is-layout-flex\">\n<div class=\"wp-block-button is-style-outline btn-icon-arrow-down-to-line is-style-outline--1\"><a rel=\"noreferrer noopener\" target=\"_blank\" href=\"https:\/\/mku.dev.konkursi.me\/wp-content\/uploads\/2024\/12\/Uputstvo-za-korisnike-Portal-Ministarstva-kulture-i-medija.pdf\" class=\"wp-block-button__link wp-element-button\">Preuzmi<\/a><\/div>\n<\/div>\n\n\n\n<p class=\"has-contrast-4-color has-text-color has-link-color has-text-body-md-font-size wp-elements-652244832269429467cbe96e95a40391 wp-block-paragraph\">pdf \u2022 2 MB<\/p>\n<\/div>\n<\/div>\n<\/div>\n<\/div>\n\n\n\n<hr class=\"wp-block-separator has-text-color has-base-3-color has-alpha-channel-opacity has-base-3-background-color has-background is-style-wide\" style=\"margin-top:var(--wp--preset--spacing--12);margin-bottom:var(--wp--preset--spacing--12)\"\/>\n<\/div>\n\n\n\n<p class=\"wp-block-paragraph\"><\/p>","protected":false},"excerpt":{"rendered":"<p>Dokument pod nazivom &#8220;Uputstvo za korisnike &#8211; Portal Ministarstva kulture i medija&#8221; pru\u017ea detaljna uputstva za kori\u0161\u0107enje portala Ministarstva kulture i medija, uklju\u010duju\u0107i registraciju, prijavu, navigaciju kroz javni i personalizovani dio portala, te proces podno\u0161enja prijava na javne konkurse. Sadr\u017ei vodi\u010de za dodavanje dokumenata i pregled prijava, kao i savjete za rje\u0161avanje \u010destih problema. Preuzmite [&hellip;]<\/p>\n","protected":false},"author":1,"featured_media":0,"parent":0,"menu_order":0,"comment_status":"closed","ping_status":"closed","template":"","meta":{"_acf_changed":false,"_crdt_document":"","footnotes":""},"class_list":["post-5381","page","type-page","status-publish","hentry"],"acf":[],"_links":{"self":[{"href":"https:\/\/mku.dev.konkursi.me\/me\/wp-json\/wp\/v2\/pages\/5381","targetHints":{"allow":["GET"]}}],"collection":[{"href":"https:\/\/mku.dev.konkursi.me\/me\/wp-json\/wp\/v2\/pages"}],"about":[{"href":"https:\/\/mku.dev.konkursi.me\/me\/wp-json\/wp\/v2\/types\/page"}],"author":[{"embeddable":true,"href":"https:\/\/mku.dev.konkursi.me\/me\/wp-json\/wp\/v2\/users\/1"}],"replies":[{"embeddable":true,"href":"https:\/\/mku.dev.konkursi.me\/me\/wp-json\/wp\/v2\/comments?post=5381"}],"version-history":[{"count":5,"href":"https:\/\/mku.dev.konkursi.me\/me\/wp-json\/wp\/v2\/pages\/5381\/revisions"}],"predecessor-version":[{"id":5390,"href":"https:\/\/mku.dev.konkursi.me\/me\/wp-json\/wp\/v2\/pages\/5381\/revisions\/5390"}],"wp:attachment":[{"href":"https:\/\/mku.dev.konkursi.me\/me\/wp-json\/wp\/v2\/media?parent=5381"}],"curies":[{"name":"wp","href":"https:\/\/api.w.org\/{rel}","templated":true}]}}